{"id":143,"date":"2022-03-22T15:50:59","date_gmt":"2022-03-22T14:50:59","guid":{"rendered":"http:\/\/lauredezert-psy.fr\/?page_id=143"},"modified":"2022-06-07T23:11:13","modified_gmt":"2022-06-07T21:11:13","slug":"143-2","status":"publish","type":"page","link":"https:\/\/lauredezert-psy.fr\/?page_id=143","title":{"rendered":"Suivi des enfants"},"content":{"rendered":"<p>[et_pb_section fb_built=&#8221;1&#8243; _builder_version=&#8221;4.14.6&#8243; _module_preset=&#8221;default&#8221; global_colors_info=&#8221;{}&#8221;][et_pb_row column_structure=&#8221;1_2,1_2&#8243; _builder_version=&#8221;4.14.6&#8243; _module_preset=&#8221;default&#8221; global_colors_info=&#8221;{}&#8221;][et_pb_column type=&#8221;1_2&#8243; _builder_version=&#8221;4.14.6&#8243; _module_preset=&#8221;default&#8221; global_colors_info=&#8221;{}&#8221;][et_pb_text _builder_version=&#8221;4.14.6&#8243; _module_preset=&#8221;default&#8221; text_font_size=&#8221;19px&#8221; header_3_line_height=&#8221;1.5em&#8221; hover_enabled=&#8221;0&#8243; global_colors_info=&#8221;{}&#8221; sticky_enabled=&#8221;0&#8243;]<\/p>\n<h1><strong>Le suivi individuel des enfants<\/strong><\/h1>\n<p>[\/et_pb_text][et_pb_divider color=&#8221;#0B446D&#8221; _builder_version=&#8221;4.14.6&#8243; _module_preset=&#8221;default&#8221; global_colors_info=&#8221;{}&#8221;][\/et_pb_divider][et_pb_text _builder_version=&#8221;4.14.6&#8243; _module_preset=&#8221;default&#8221; text_font=&#8221;EB Garamond||||||||&#8221; text_font_size=&#8221;17px&#8221; custom_margin=&#8221;-20px||||false|false&#8221; custom_padding=&#8221;0px||||false|false&#8221; global_colors_info=&#8221;{}&#8221;]<\/p>\n<p style=\"text-align: justify;\">A partir de l&#8217;analyse des sympt\u00f4mes rapport\u00e9s par les parents et observ\u00e9s en s\u00e9ance, qui peuvent \u00eatre une difficult\u00e9 scolaire, un comportement opposant ou inhib\u00e9, des manifestations anxieuses, voire d\u00e9pressives, je propose un suivi individuel centr\u00e9 sur les besoins de l&#8217;enfant. Parfois, un bilan cognitif complet a d\u00e9ja \u00e9t\u00e9 r\u00e9alis\u00e9 ou est propos\u00e9 chez une coll\u00e8gue neuropsychologue afin de pr\u00e9ciser quelles difficult\u00e9s fonctionnelles et quelle r\u00e9\u00e9ducation doit \u00eatre envisag\u00e9e. Mon travail est de mettre du sens sur les sympt\u00f4mes de l&#8217;enfant afin de l&#8217;aider \u00e0 bien grandir et \u00e0 aller vers son autonomie. Parfois, l&#8217;enfant peut \u00eatre rentr\u00e9 dans &#8220;le refus de grandir&#8221; encore appel\u00e9 &#8220;syndrome de Peter Pan&#8221;, ce qui entraine des blocages dans les apprentissages, la prise en main de son quotidien et l&#8217;instauration d&#8217;un rapport de force avec son entourage. Permettre aux enfants de mettre du sens sur leur vie les remet dans une dynamique qui peut les aider \u00e0 d\u00e9passer ces blocages. J&#8217;utilise comme outils, outre le jeu et le dessin, les contes et les &#8220;go\u00fbters philo&#8221; qui leur permettent de r\u00e9fl\u00e9chir de fa\u00e7on ludique et profonde sur leurs difficult\u00e9s.<\/p>\n<p>[\/et_pb_text][\/et_pb_column][et_pb_column type=&#8221;1_2&#8243; _builder_version=&#8221;4.14.6&#8243; _module_preset=&#8221;default&#8221; global_colors_info=&#8221;{}&#8221;][et_pb_image src=&#8221;http:\/\/lauredezert-psy.fr\/wp-content\/uploads\/2022\/06\/canva-MADyRpeuSik.jpg&#8221; title_text=&#8221;canva-MADyRpeuSik&#8221; _builder_version=&#8221;4.14.6&#8243; _module_preset=&#8221;default&#8221; custom_margin=&#8221;72px||||false|false&#8221; global_colors_info=&#8221;{}&#8221;][\/et_pb_image][\/et_pb_column][\/et_pb_row][\/et_pb_section]<\/p>\n","protected":false},"excerpt":{"rendered":"<p>Le suivi individuel des enfantsA partir de l&#8217;analyse des sympt\u00f4mes rapport\u00e9s par les parents et observ\u00e9s en s\u00e9ance, qui peuvent \u00eatre une difficult\u00e9 scolaire, un comportement opposant ou inhib\u00e9, des manifestations anxieuses, voire d\u00e9pressives, je propose un suivi individuel centr\u00e9 sur les besoins de l&#8217;enfant. Parfois, un bilan cognitif complet a d\u00e9ja \u00e9t\u00e9 r\u00e9alis\u00e9 ou [&hellip;]<\/p>\n","protected":false},"author":1,"featured_media":0,"parent":0,"menu_order":0,"comment_status":"closed","ping_status":"closed","template":"","meta":{"_et_pb_use_builder":"on","_et_pb_old_content":"","_et_gb_content_width":"","footnotes":""},"yoast_head":"<!-- This site is optimized with the Yoast SEO plugin v24.5 - https:\/\/yoast.com\/wordpress\/plugins\/seo\/ -->\n<title>Suivi des enfants - Laure Dezert Psychologue<\/title>\n<meta name=\"robots\" content=\"index, follow, max-snippet:-1, max-image-preview:large, max-video-preview:-1\" \/>\n<link rel=\"canonical\" href=\"https:\/\/lauredezert-psy.fr\/?page_id=143\" \/>\n<meta property=\"og:locale\" content=\"en_US\" \/>\n<meta property=\"og:type\" content=\"article\" \/>\n<meta property=\"og:title\" content=\"Suivi des enfants - Laure Dezert Psychologue\" \/>\n<meta property=\"og:description\" content=\"Le suivi individuel des enfantsA partir de l&#039;analyse des sympt\u00f4mes rapport\u00e9s par les parents et observ\u00e9s en s\u00e9ance, qui peuvent \u00eatre une difficult\u00e9 scolaire, un comportement opposant ou inhib\u00e9, des manifestations anxieuses, voire d\u00e9pressives, je propose un suivi individuel centr\u00e9 sur les besoins de l&#039;enfant. Parfois, un bilan cognitif complet a d\u00e9ja \u00e9t\u00e9 r\u00e9alis\u00e9 ou [&hellip;]\" \/>\n<meta property=\"og:url\" content=\"https:\/\/lauredezert-psy.fr\/?page_id=143\" \/>\n<meta property=\"og:site_name\" content=\"Laure Dezert Psychologue\" \/>\n<meta property=\"article:modified_time\" content=\"2022-06-07T21:11:13+00:00\" \/>\n<meta name=\"twitter:card\" content=\"summary_large_image\" \/>\n<meta name=\"twitter:label1\" content=\"Est. reading time\" \/>\n\t<meta name=\"twitter:data1\" content=\"2 minutes\" \/>\n<script type=\"application\/ld+json\" class=\"yoast-schema-graph\">{\"@context\":\"https:\/\/schema.org\",\"@graph\":[{\"@type\":\"WebPage\",\"@id\":\"https:\/\/lauredezert-psy.fr\/?page_id=143\",\"url\":\"https:\/\/lauredezert-psy.fr\/?page_id=143\",\"name\":\"Suivi des enfants - Laure Dezert Psychologue\",\"isPartOf\":{\"@id\":\"http:\/\/lauredezert-psy.fr\/#website\"},\"datePublished\":\"2022-03-22T14:50:59+00:00\",\"dateModified\":\"2022-06-07T21:11:13+00:00\",\"breadcrumb\":{\"@id\":\"https:\/\/lauredezert-psy.fr\/?page_id=143#breadcrumb\"},\"inLanguage\":\"en-US\",\"potentialAction\":[{\"@type\":\"ReadAction\",\"target\":[\"https:\/\/lauredezert-psy.fr\/?page_id=143\"]}]},{\"@type\":\"BreadcrumbList\",\"@id\":\"https:\/\/lauredezert-psy.fr\/?page_id=143#breadcrumb\",\"itemListElement\":[{\"@type\":\"ListItem\",\"position\":1,\"name\":\"Accueil\",\"item\":\"http:\/\/lauredezert-psy.fr\/\"},{\"@type\":\"ListItem\",\"position\":2,\"name\":\"Suivi des enfants\"}]},{\"@type\":\"WebSite\",\"@id\":\"http:\/\/lauredezert-psy.fr\/#website\",\"url\":\"http:\/\/lauredezert-psy.fr\/\",\"name\":\"Laure Dezert Psychologue\",\"description\":\"\",\"potentialAction\":[{\"@type\":\"SearchAction\",\"target\":{\"@type\":\"EntryPoint\",\"urlTemplate\":\"http:\/\/lauredezert-psy.fr\/?s={search_term_string}\"},\"query-input\":{\"@type\":\"PropertyValueSpecification\",\"valueRequired\":true,\"valueName\":\"search_term_string\"}}],\"inLanguage\":\"en-US\"}]}<\/script>\n<!-- \/ Yoast SEO plugin. -->","yoast_head_json":{"title":"Suivi des enfants - Laure Dezert Psychologue","robots":{"index":"index","follow":"follow","max-snippet":"max-snippet:-1","max-image-preview":"max-image-preview:large","max-video-preview":"max-video-preview:-1"},"canonical":"https:\/\/lauredezert-psy.fr\/?page_id=143","og_locale":"en_US","og_type":"article","og_title":"Suivi des enfants - Laure Dezert Psychologue","og_description":"Le suivi individuel des enfantsA partir de l'analyse des sympt\u00f4mes rapport\u00e9s par les parents et observ\u00e9s en s\u00e9ance, qui peuvent \u00eatre une difficult\u00e9 scolaire, un comportement opposant ou inhib\u00e9, des manifestations anxieuses, voire d\u00e9pressives, je propose un suivi individuel centr\u00e9 sur les besoins de l'enfant. Parfois, un bilan cognitif complet a d\u00e9ja \u00e9t\u00e9 r\u00e9alis\u00e9 ou [&hellip;]","og_url":"https:\/\/lauredezert-psy.fr\/?page_id=143","og_site_name":"Laure Dezert Psychologue","article_modified_time":"2022-06-07T21:11:13+00:00","twitter_card":"summary_large_image","twitter_misc":{"Est. reading time":"2 minutes"},"schema":{"@context":"https:\/\/schema.org","@graph":[{"@type":"WebPage","@id":"https:\/\/lauredezert-psy.fr\/?page_id=143","url":"https:\/\/lauredezert-psy.fr\/?page_id=143","name":"Suivi des enfants - Laure Dezert Psychologue","isPartOf":{"@id":"http:\/\/lauredezert-psy.fr\/#website"},"datePublished":"2022-03-22T14:50:59+00:00","dateModified":"2022-06-07T21:11:13+00:00","breadcrumb":{"@id":"https:\/\/lauredezert-psy.fr\/?page_id=143#breadcrumb"},"inLanguage":"en-US","potentialAction":[{"@type":"ReadAction","target":["https:\/\/lauredezert-psy.fr\/?page_id=143"]}]},{"@type":"BreadcrumbList","@id":"https:\/\/lauredezert-psy.fr\/?page_id=143#breadcrumb","itemListElement":[{"@type":"ListItem","position":1,"name":"Accueil","item":"http:\/\/lauredezert-psy.fr\/"},{"@type":"ListItem","position":2,"name":"Suivi des enfants"}]},{"@type":"WebSite","@id":"http:\/\/lauredezert-psy.fr\/#website","url":"http:\/\/lauredezert-psy.fr\/","name":"Laure Dezert Psychologue","description":"","potentialAction":[{"@type":"SearchAction","target":{"@type":"EntryPoint","urlTemplate":"http:\/\/lauredezert-psy.fr\/?s={search_term_string}"},"query-input":{"@type":"PropertyValueSpecification","valueRequired":true,"valueName":"search_term_string"}}],"inLanguage":"en-US"}]}},"_links":{"self":[{"href":"https:\/\/lauredezert-psy.fr\/index.php?rest_route=\/wp\/v2\/pages\/143"}],"collection":[{"href":"https:\/\/lauredezert-psy.fr\/index.php?rest_route=\/wp\/v2\/pages"}],"about":[{"href":"https:\/\/lauredezert-psy.fr\/index.php?rest_route=\/wp\/v2\/types\/page"}],"author":[{"embeddable":true,"href":"https:\/\/lauredezert-psy.fr\/index.php?rest_route=\/wp\/v2\/users\/1"}],"replies":[{"embeddable":true,"href":"https:\/\/lauredezert-psy.fr\/index.php?rest_route=%2Fwp%2Fv2%2Fcomments&post=143"}],"version-history":[{"count":22,"href":"https:\/\/lauredezert-psy.fr\/index.php?rest_route=\/wp\/v2\/pages\/143\/revisions"}],"predecessor-version":[{"id":688,"href":"https:\/\/lauredezert-psy.fr\/index.php?rest_route=\/wp\/v2\/pages\/143\/revisions\/688"}],"wp:attachment":[{"href":"https:\/\/lauredezert-psy.fr\/index.php?rest_route=%2Fwp%2Fv2%2Fmedia&parent=143"}],"curies":[{"name":"wp","href":"https:\/\/api.w.org\/{rel}","templated":true}]}}