{"id":147,"date":"2022-03-22T15:51:33","date_gmt":"2022-03-22T14:51:33","guid":{"rendered":"http:\/\/lauredezert-psy.fr\/?page_id=147"},"modified":"2022-06-14T11:50:07","modified_gmt":"2022-06-14T09:50:07","slug":"suivi-des-adolescents","status":"publish","type":"page","link":"https:\/\/lauredezert-psy.fr\/?page_id=147","title":{"rendered":"Suivi des adolescents"},"content":{"rendered":"<p>[et_pb_section fb_built=&#8221;1&#8243; _builder_version=&#8221;4.16&#8243; _module_preset=&#8221;default&#8221; global_colors_info=&#8221;{}&#8221;][et_pb_row column_structure=&#8221;1_2,1_2&#8243; _builder_version=&#8221;4.16&#8243; _module_preset=&#8221;default&#8221; global_colors_info=&#8221;{}&#8221;][et_pb_column type=&#8221;1_2&#8243; _builder_version=&#8221;4.16&#8243; _module_preset=&#8221;default&#8221; global_colors_info=&#8221;{}&#8221;][et_pb_text _builder_version=&#8221;4.16&#8243; _module_preset=&#8221;default&#8221; text_font_size=&#8221;19px&#8221; header_3_line_height=&#8221;1.5em&#8221; custom_padding=&#8221;|0px||||&#8221; global_colors_info=&#8221;{}&#8221;]<\/p>\n<h1><strong>Le suivi individuel des adolescents<\/strong><\/h1>\n<p>[\/et_pb_text][et_pb_divider color=&#8221;#0B446D&#8221; _builder_version=&#8221;4.16&#8243; _module_preset=&#8221;default&#8221; global_colors_info=&#8221;{}&#8221;][\/et_pb_divider][et_pb_text _builder_version=&#8221;4.16&#8243; _module_preset=&#8221;default&#8221; text_font=&#8221;EB Garamond||||||||&#8221; text_font_size=&#8221;17px&#8221; global_colors_info=&#8221;{}&#8221;]<\/p>\n<p style=\"text-align: justify;\">Le suivi individuel des adolescents vise \u00e0 am\u00e9liorer la connaissance de soi et le bien-\u00eatre. Les premiers entretiens sont consacr\u00e9s \u00e0 l&#8217;anamn\u00e8se et l&#8217;expression de la demande et des attentes du patient ainsi qu&#8217;\u00e0 la r\u00e9alisation d&#8217;un bilan psycho-affectif psychom\u00e9trique \u00e0 travers les questionnaires d&#8217;estime de soi, d&#8217;anxi\u00e9t\u00e9, des sch\u00e9mas pr\u00e9coces et, \u00e9ventuellement, de d\u00e9pression. Le suivi psychologique sera ax\u00e9, en fonction des besoins de l&#8217;adolescent, sur la gestion des \u00e9motions et la restructuration cognitive apr\u00e8s l&#8217;identification des biais cognitifs, afin d&#8217;assouplir certains sch\u00e9mas de pens\u00e9e. Le travail sur la dimension comportementale permet la d\u00e9couverte de ses besoins sp\u00e9cifiques par l&#8217;adolescent et des strat\u00e9gies les plus adapt\u00e9es pour y r\u00e9pondre.<\/p>\n<p>Si cela s&#8217;av\u00e8re n\u00e9cessaire, en particulier lorsque l&#8217;adolescent traverse une p\u00e9riode difficile, je propose un accompagnement en lien avec un psychiatre. Je peux aussi favoriser le dialogue avec le coll\u00e8ge ou le lyc\u00e9e en participant \u00e0 une \u00e9quipe \u00e9ducative.<\/p>\n<p>[\/et_pb_text][\/et_pb_column][et_pb_column type=&#8221;1_2&#8243; _builder_version=&#8221;4.16&#8243; _module_preset=&#8221;default&#8221; global_colors_info=&#8221;{}&#8221;][et_pb_image src=&#8221;http:\/\/lauredezert-psy.fr\/wp-content\/uploads\/2022\/05\/photoado060522.jpg&#8221; title_text=&#8221;photoado060522&#8243; _builder_version=&#8221;4.17.4&#8243; _module_preset=&#8221;default&#8221; custom_margin=&#8221;40px||||false|false&#8221; custom_padding=&#8221;55px||||false|false&#8221; hover_enabled=&#8221;0&#8243; global_colors_info=&#8221;{}&#8221; sticky_enabled=&#8221;0&#8243;][\/et_pb_image][\/et_pb_column][\/et_pb_row][\/et_pb_section]<\/p>\n","protected":false},"excerpt":{"rendered":"<p>Le suivi individuel des adolescentsLe suivi individuel des adolescents vise \u00e0 am\u00e9liorer la connaissance de soi et le bien-\u00eatre. Les premiers entretiens sont consacr\u00e9s \u00e0 l&#8217;anamn\u00e8se et l&#8217;expression de la demande et des attentes du patient ainsi qu&#8217;\u00e0 la r\u00e9alisation d&#8217;un bilan psycho-affectif psychom\u00e9trique \u00e0 travers les questionnaires d&#8217;estime de soi, d&#8217;anxi\u00e9t\u00e9, des sch\u00e9mas pr\u00e9coces [&hellip;]<\/p>\n","protected":false},"author":1,"featured_media":0,"parent":0,"menu_order":0,"comment_status":"closed","ping_status":"closed","template":"","meta":{"_et_pb_use_builder":"on","_et_pb_old_content":"<!-- wp:divi\/placeholder \/-->","_et_gb_content_width":"","footnotes":""},"yoast_head":"<!-- This site is optimized with the Yoast SEO plugin v24.5 - https:\/\/yoast.com\/wordpress\/plugins\/seo\/ -->\n<title>Suivi des adolescents - Laure Dezert Psychologue<\/title>\n<meta name=\"robots\" content=\"index, follow, max-snippet:-1, max-image-preview:large, max-video-preview:-1\" \/>\n<link rel=\"canonical\" href=\"http:\/\/lauredezert-psy.fr\/?page_id=147\" \/>\n<meta property=\"og:locale\" content=\"en_US\" \/>\n<meta property=\"og:type\" content=\"article\" \/>\n<meta property=\"og:title\" content=\"Suivi des adolescents - Laure Dezert Psychologue\" \/>\n<meta property=\"og:description\" content=\"Le suivi individuel des adolescentsLe suivi individuel des adolescents vise \u00e0 am\u00e9liorer la connaissance de soi et le bien-\u00eatre. Les premiers entretiens sont consacr\u00e9s \u00e0 l&#039;anamn\u00e8se et l&#039;expression de la demande et des attentes du patient ainsi qu&#039;\u00e0 la r\u00e9alisation d&#039;un bilan psycho-affectif psychom\u00e9trique \u00e0 travers les questionnaires d&#039;estime de soi, d&#039;anxi\u00e9t\u00e9, des sch\u00e9mas pr\u00e9coces [&hellip;]\" \/>\n<meta property=\"og:url\" content=\"http:\/\/lauredezert-psy.fr\/?page_id=147\" \/>\n<meta property=\"og:site_name\" content=\"Laure Dezert Psychologue\" \/>\n<meta property=\"article:modified_time\" content=\"2022-06-14T09:50:07+00:00\" \/>\n<meta name=\"twitter:card\" content=\"summary_large_image\" \/>\n<meta name=\"twitter:label1\" content=\"Est. reading time\" \/>\n\t<meta name=\"twitter:data1\" content=\"2 minutes\" \/>\n<script type=\"application\/ld+json\" class=\"yoast-schema-graph\">{\"@context\":\"https:\/\/schema.org\",\"@graph\":[{\"@type\":\"WebPage\",\"@id\":\"http:\/\/lauredezert-psy.fr\/?page_id=147\",\"url\":\"http:\/\/lauredezert-psy.fr\/?page_id=147\",\"name\":\"Suivi des adolescents - Laure Dezert Psychologue\",\"isPartOf\":{\"@id\":\"http:\/\/lauredezert-psy.fr\/#website\"},\"datePublished\":\"2022-03-22T14:51:33+00:00\",\"dateModified\":\"2022-06-14T09:50:07+00:00\",\"breadcrumb\":{\"@id\":\"http:\/\/lauredezert-psy.fr\/?page_id=147#breadcrumb\"},\"inLanguage\":\"en-US\",\"potentialAction\":[{\"@type\":\"ReadAction\",\"target\":[\"http:\/\/lauredezert-psy.fr\/?page_id=147\"]}]},{\"@type\":\"BreadcrumbList\",\"@id\":\"http:\/\/lauredezert-psy.fr\/?page_id=147#breadcrumb\",\"itemListElement\":[{\"@type\":\"ListItem\",\"position\":1,\"name\":\"Accueil\",\"item\":\"http:\/\/lauredezert-psy.fr\/\"},{\"@type\":\"ListItem\",\"position\":2,\"name\":\"Suivi des adolescents\"}]},{\"@type\":\"WebSite\",\"@id\":\"http:\/\/lauredezert-psy.fr\/#website\",\"url\":\"http:\/\/lauredezert-psy.fr\/\",\"name\":\"Laure Dezert Psychologue\",\"description\":\"\",\"potentialAction\":[{\"@type\":\"SearchAction\",\"target\":{\"@type\":\"EntryPoint\",\"urlTemplate\":\"http:\/\/lauredezert-psy.fr\/?s={search_term_string}\"},\"query-input\":{\"@type\":\"PropertyValueSpecification\",\"valueRequired\":true,\"valueName\":\"search_term_string\"}}],\"inLanguage\":\"en-US\"}]}<\/script>\n<!-- \/ Yoast SEO plugin. -->","yoast_head_json":{"title":"Suivi des adolescents - Laure Dezert Psychologue","robots":{"index":"index","follow":"follow","max-snippet":"max-snippet:-1","max-image-preview":"max-image-preview:large","max-video-preview":"max-video-preview:-1"},"canonical":"http:\/\/lauredezert-psy.fr\/?page_id=147","og_locale":"en_US","og_type":"article","og_title":"Suivi des adolescents - Laure Dezert Psychologue","og_description":"Le suivi individuel des adolescentsLe suivi individuel des adolescents vise \u00e0 am\u00e9liorer la connaissance de soi et le bien-\u00eatre. Les premiers entretiens sont consacr\u00e9s \u00e0 l'anamn\u00e8se et l'expression de la demande et des attentes du patient ainsi qu'\u00e0 la r\u00e9alisation d'un bilan psycho-affectif psychom\u00e9trique \u00e0 travers les questionnaires d'estime de soi, d'anxi\u00e9t\u00e9, des sch\u00e9mas pr\u00e9coces [&hellip;]","og_url":"http:\/\/lauredezert-psy.fr\/?page_id=147","og_site_name":"Laure Dezert Psychologue","article_modified_time":"2022-06-14T09:50:07+00:00","twitter_card":"summary_large_image","twitter_misc":{"Est. reading time":"2 minutes"},"schema":{"@context":"https:\/\/schema.org","@graph":[{"@type":"WebPage","@id":"http:\/\/lauredezert-psy.fr\/?page_id=147","url":"http:\/\/lauredezert-psy.fr\/?page_id=147","name":"Suivi des adolescents - Laure Dezert Psychologue","isPartOf":{"@id":"http:\/\/lauredezert-psy.fr\/#website"},"datePublished":"2022-03-22T14:51:33+00:00","dateModified":"2022-06-14T09:50:07+00:00","breadcrumb":{"@id":"http:\/\/lauredezert-psy.fr\/?page_id=147#breadcrumb"},"inLanguage":"en-US","potentialAction":[{"@type":"ReadAction","target":["http:\/\/lauredezert-psy.fr\/?page_id=147"]}]},{"@type":"BreadcrumbList","@id":"http:\/\/lauredezert-psy.fr\/?page_id=147#breadcrumb","itemListElement":[{"@type":"ListItem","position":1,"name":"Accueil","item":"http:\/\/lauredezert-psy.fr\/"},{"@type":"ListItem","position":2,"name":"Suivi des adolescents"}]},{"@type":"WebSite","@id":"http:\/\/lauredezert-psy.fr\/#website","url":"http:\/\/lauredezert-psy.fr\/","name":"Laure Dezert Psychologue","description":"","potentialAction":[{"@type":"SearchAction","target":{"@type":"EntryPoint","urlTemplate":"http:\/\/lauredezert-psy.fr\/?s={search_term_string}"},"query-input":{"@type":"PropertyValueSpecification","valueRequired":true,"valueName":"search_term_string"}}],"inLanguage":"en-US"}]}},"_links":{"self":[{"href":"https:\/\/lauredezert-psy.fr\/index.php?rest_route=\/wp\/v2\/pages\/147"}],"collection":[{"href":"https:\/\/lauredezert-psy.fr\/index.php?rest_route=\/wp\/v2\/pages"}],"about":[{"href":"https:\/\/lauredezert-psy.fr\/index.php?rest_route=\/wp\/v2\/types\/page"}],"author":[{"embeddable":true,"href":"https:\/\/lauredezert-psy.fr\/index.php?rest_route=\/wp\/v2\/users\/1"}],"replies":[{"embeddable":true,"href":"https:\/\/lauredezert-psy.fr\/index.php?rest_route=%2Fwp%2Fv2%2Fcomments&post=147"}],"version-history":[{"count":11,"href":"https:\/\/lauredezert-psy.fr\/index.php?rest_route=\/wp\/v2\/pages\/147\/revisions"}],"predecessor-version":[{"id":717,"href":"https:\/\/lauredezert-psy.fr\/index.php?rest_route=\/wp\/v2\/pages\/147\/revisions\/717"}],"wp:attachment":[{"href":"https:\/\/lauredezert-psy.fr\/index.php?rest_route=%2Fwp%2Fv2%2Fmedia&parent=147"}],"curies":[{"name":"wp","href":"https:\/\/api.w.org\/{rel}","templated":true}]}}