{"id":149,"date":"2022-03-22T15:52:03","date_gmt":"2022-03-22T14:52:03","guid":{"rendered":"http:\/\/lauredezert-psy.fr\/?page_id=149"},"modified":"2022-06-07T23:13:17","modified_gmt":"2022-06-07T21:13:17","slug":"suivi-parents-enfants","status":"publish","type":"page","link":"https:\/\/lauredezert-psy.fr\/?page_id=149","title":{"rendered":"suivi parents-enfants"},"content":{"rendered":"<p>[et_pb_section fb_built=&#8221;1&#8243; _builder_version=&#8221;4.14.6&#8243; _module_preset=&#8221;default&#8221; global_colors_info=&#8221;{}&#8221;][et_pb_row column_structure=&#8221;1_2,1_2&#8243; _builder_version=&#8221;4.14.6&#8243; _module_preset=&#8221;default&#8221; global_colors_info=&#8221;{}&#8221;][et_pb_column type=&#8221;1_2&#8243; _builder_version=&#8221;4.14.6&#8243; _module_preset=&#8221;default&#8221; global_colors_info=&#8221;{}&#8221;][et_pb_text _builder_version=&#8221;4.14.6&#8243; _module_preset=&#8221;default&#8221; text_font_size=&#8221;19px&#8221; header_3_line_height=&#8221;1.5em&#8221; hover_enabled=&#8221;0&#8243; global_colors_info=&#8221;{}&#8221; sticky_enabled=&#8221;0&#8243;]<\/p>\n<h1><strong>Les s\u00e9ances parents-jeunes enfants<\/strong><\/h1>\n<p><strong><\/strong><\/p>\n<p>[\/et_pb_text][et_pb_divider color=&#8221;#0B446D&#8221; divider_weight=&#8221;1px&#8221; _builder_version=&#8221;4.14.6&#8243; _module_preset=&#8221;default&#8221; global_colors_info=&#8221;{}&#8221;][\/et_pb_divider][et_pb_text _builder_version=&#8221;4.14.6&#8243; _module_preset=&#8221;default&#8221; text_font=&#8221;EB Garamond||||||||&#8221; text_font_size=&#8221;17px&#8221; custom_margin=&#8221;-30px||||false|false&#8221; custom_padding=&#8221;0px||||false|false&#8221; global_colors_info=&#8221;{}&#8221;]<\/p>\n<p style=\"text-align: justify;\">Dans l&#8217;objectif de travailler sur la s\u00e9curit\u00e9 de l&#8217;attachement de l&#8217;enfant avec ses parents (th\u00e9orie de l&#8217;attachement de Bowlby), je propose des s\u00e9ances parents-enfants ou des s\u00e9ances parents afin de les aider \u00e0 mieux comprendre les besoins de leur enfant. Au cours de ces s\u00e9ances, la dimension affective avec les enjeux de s\u00e9paration-individuation prend une place centrale mais elle est compl\u00e9t\u00e9e par l&#8217;aspect d&#8217;accompagnement psycho-\u00e9ducatif.<\/p>\n<p style=\"text-align: justify;\">Je me r\u00e9f\u00e8re au cadre de la discipline positive, d\u00e9velopp\u00e9 par Jane Nielsen, qui propose d&#8217;\u00e9duquer les enfants de fa\u00e7on \u00e0 la fois ferme et bienveillante. Concr\u00e8tement, lors des s\u00e9ances, le dimension de la bienveillance est travaill\u00e9e pour que les parents r\u00e9pondent aux besoins affectifs et mat\u00e9riels de leur enfant. La dimension de la fermet\u00e9 est abord\u00e9e pour que les parents puissent instaurer un cadre avec des limites claires qui permettent que leur autorit\u00e9 soit juste en n&#8217;\u00e9tant ni dans la s\u00e9duction ni dans l&#8217;autoritarisme.<\/p>\n<p>[\/et_pb_text][\/et_pb_column][et_pb_column type=&#8221;1_2&#8243; _builder_version=&#8221;4.14.6&#8243; _module_preset=&#8221;default&#8221; global_colors_info=&#8221;{}&#8221;][et_pb_image src=&#8221;http:\/\/lauredezert-psy.fr\/wp-content\/uploads\/2022\/06\/parentenfant100422.jpg&#8221; title_text=&#8221;parentenfant100422&#8243; _builder_version=&#8221;4.14.6&#8243; _module_preset=&#8221;default&#8221; custom_padding=&#8221;97px||||false|false&#8221; hover_enabled=&#8221;0&#8243; global_colors_info=&#8221;{}&#8221; sticky_enabled=&#8221;0&#8243;][\/et_pb_image][\/et_pb_column][\/et_pb_row][\/et_pb_section]<\/p>\n","protected":false},"excerpt":{"rendered":"<p>Les s\u00e9ances parents-jeunes enfants Dans l&#8217;objectif de travailler sur la s\u00e9curit\u00e9 de l&#8217;attachement de l&#8217;enfant avec ses parents (th\u00e9orie de l&#8217;attachement de Bowlby), je propose des s\u00e9ances parents-enfants ou des s\u00e9ances parents afin de les aider \u00e0 mieux comprendre les besoins de leur enfant. Au cours de ces s\u00e9ances, la dimension affective avec les enjeux [&hellip;]<\/p>\n","protected":false},"author":1,"featured_media":0,"parent":0,"menu_order":0,"comment_status":"closed","ping_status":"closed","template":"","meta":{"_et_pb_use_builder":"on","_et_pb_old_content":"<!-- wp:divi\/placeholder \/-->","_et_gb_content_width":"","footnotes":""},"yoast_head":"<!-- This site is optimized with the Yoast SEO plugin v24.5 - https:\/\/yoast.com\/wordpress\/plugins\/seo\/ -->\n<title>suivi parents-enfants - Laure Dezert Psychologue<\/title>\n<meta name=\"robots\" content=\"index, follow, max-snippet:-1, max-image-preview:large, max-video-preview:-1\" \/>\n<link rel=\"canonical\" href=\"http:\/\/lauredezert-psy.fr\/?page_id=149\" \/>\n<meta property=\"og:locale\" content=\"en_US\" \/>\n<meta property=\"og:type\" content=\"article\" \/>\n<meta property=\"og:title\" content=\"suivi parents-enfants - Laure Dezert Psychologue\" \/>\n<meta property=\"og:description\" content=\"Les s\u00e9ances parents-jeunes enfants Dans l&#039;objectif de travailler sur la s\u00e9curit\u00e9 de l&#039;attachement de l&#039;enfant avec ses parents (th\u00e9orie de l&#039;attachement de Bowlby), je propose des s\u00e9ances parents-enfants ou des s\u00e9ances parents afin de les aider \u00e0 mieux comprendre les besoins de leur enfant. Au cours de ces s\u00e9ances, la dimension affective avec les enjeux [&hellip;]\" \/>\n<meta property=\"og:url\" content=\"http:\/\/lauredezert-psy.fr\/?page_id=149\" \/>\n<meta property=\"og:site_name\" content=\"Laure Dezert Psychologue\" \/>\n<meta property=\"article:modified_time\" content=\"2022-06-07T21:13:17+00:00\" \/>\n<meta name=\"twitter:card\" content=\"summary_large_image\" \/>\n<meta name=\"twitter:label1\" content=\"Est. reading time\" \/>\n\t<meta name=\"twitter:data1\" content=\"2 minutes\" \/>\n<script type=\"application\/ld+json\" class=\"yoast-schema-graph\">{\"@context\":\"https:\/\/schema.org\",\"@graph\":[{\"@type\":\"WebPage\",\"@id\":\"http:\/\/lauredezert-psy.fr\/?page_id=149\",\"url\":\"http:\/\/lauredezert-psy.fr\/?page_id=149\",\"name\":\"suivi parents-enfants - Laure Dezert Psychologue\",\"isPartOf\":{\"@id\":\"http:\/\/lauredezert-psy.fr\/#website\"},\"datePublished\":\"2022-03-22T14:52:03+00:00\",\"dateModified\":\"2022-06-07T21:13:17+00:00\",\"breadcrumb\":{\"@id\":\"http:\/\/lauredezert-psy.fr\/?page_id=149#breadcrumb\"},\"inLanguage\":\"en-US\",\"potentialAction\":[{\"@type\":\"ReadAction\",\"target\":[\"http:\/\/lauredezert-psy.fr\/?page_id=149\"]}]},{\"@type\":\"BreadcrumbList\",\"@id\":\"http:\/\/lauredezert-psy.fr\/?page_id=149#breadcrumb\",\"itemListElement\":[{\"@type\":\"ListItem\",\"position\":1,\"name\":\"Accueil\",\"item\":\"http:\/\/lauredezert-psy.fr\/\"},{\"@type\":\"ListItem\",\"position\":2,\"name\":\"suivi parents-enfants\"}]},{\"@type\":\"WebSite\",\"@id\":\"http:\/\/lauredezert-psy.fr\/#website\",\"url\":\"http:\/\/lauredezert-psy.fr\/\",\"name\":\"Laure Dezert Psychologue\",\"description\":\"\",\"potentialAction\":[{\"@type\":\"SearchAction\",\"target\":{\"@type\":\"EntryPoint\",\"urlTemplate\":\"http:\/\/lauredezert-psy.fr\/?s={search_term_string}\"},\"query-input\":{\"@type\":\"PropertyValueSpecification\",\"valueRequired\":true,\"valueName\":\"search_term_string\"}}],\"inLanguage\":\"en-US\"}]}<\/script>\n<!-- \/ Yoast SEO plugin. -->","yoast_head_json":{"title":"suivi parents-enfants - Laure Dezert Psychologue","robots":{"index":"index","follow":"follow","max-snippet":"max-snippet:-1","max-image-preview":"max-image-preview:large","max-video-preview":"max-video-preview:-1"},"canonical":"http:\/\/lauredezert-psy.fr\/?page_id=149","og_locale":"en_US","og_type":"article","og_title":"suivi parents-enfants - Laure Dezert Psychologue","og_description":"Les s\u00e9ances parents-jeunes enfants Dans l'objectif de travailler sur la s\u00e9curit\u00e9 de l'attachement de l'enfant avec ses parents (th\u00e9orie de l'attachement de Bowlby), je propose des s\u00e9ances parents-enfants ou des s\u00e9ances parents afin de les aider \u00e0 mieux comprendre les besoins de leur enfant. Au cours de ces s\u00e9ances, la dimension affective avec les enjeux [&hellip;]","og_url":"http:\/\/lauredezert-psy.fr\/?page_id=149","og_site_name":"Laure Dezert Psychologue","article_modified_time":"2022-06-07T21:13:17+00:00","twitter_card":"summary_large_image","twitter_misc":{"Est. reading time":"2 minutes"},"schema":{"@context":"https:\/\/schema.org","@graph":[{"@type":"WebPage","@id":"http:\/\/lauredezert-psy.fr\/?page_id=149","url":"http:\/\/lauredezert-psy.fr\/?page_id=149","name":"suivi parents-enfants - Laure Dezert Psychologue","isPartOf":{"@id":"http:\/\/lauredezert-psy.fr\/#website"},"datePublished":"2022-03-22T14:52:03+00:00","dateModified":"2022-06-07T21:13:17+00:00","breadcrumb":{"@id":"http:\/\/lauredezert-psy.fr\/?page_id=149#breadcrumb"},"inLanguage":"en-US","potentialAction":[{"@type":"ReadAction","target":["http:\/\/lauredezert-psy.fr\/?page_id=149"]}]},{"@type":"BreadcrumbList","@id":"http:\/\/lauredezert-psy.fr\/?page_id=149#breadcrumb","itemListElement":[{"@type":"ListItem","position":1,"name":"Accueil","item":"http:\/\/lauredezert-psy.fr\/"},{"@type":"ListItem","position":2,"name":"suivi parents-enfants"}]},{"@type":"WebSite","@id":"http:\/\/lauredezert-psy.fr\/#website","url":"http:\/\/lauredezert-psy.fr\/","name":"Laure Dezert Psychologue","description":"","potentialAction":[{"@type":"SearchAction","target":{"@type":"EntryPoint","urlTemplate":"http:\/\/lauredezert-psy.fr\/?s={search_term_string}"},"query-input":{"@type":"PropertyValueSpecification","valueRequired":true,"valueName":"search_term_string"}}],"inLanguage":"en-US"}]}},"_links":{"self":[{"href":"https:\/\/lauredezert-psy.fr\/index.php?rest_route=\/wp\/v2\/pages\/149"}],"collection":[{"href":"https:\/\/lauredezert-psy.fr\/index.php?rest_route=\/wp\/v2\/pages"}],"about":[{"href":"https:\/\/lauredezert-psy.fr\/index.php?rest_route=\/wp\/v2\/types\/page"}],"author":[{"embeddable":true,"href":"https:\/\/lauredezert-psy.fr\/index.php?rest_route=\/wp\/v2\/users\/1"}],"replies":[{"embeddable":true,"href":"https:\/\/lauredezert-psy.fr\/index.php?rest_route=%2Fwp%2Fv2%2Fcomments&post=149"}],"version-history":[{"count":16,"href":"https:\/\/lauredezert-psy.fr\/index.php?rest_route=\/wp\/v2\/pages\/149\/revisions"}],"predecessor-version":[{"id":690,"href":"https:\/\/lauredezert-psy.fr\/index.php?rest_route=\/wp\/v2\/pages\/149\/revisions\/690"}],"wp:attachment":[{"href":"https:\/\/lauredezert-psy.fr\/index.php?rest_route=%2Fwp%2Fv2%2Fmedia&parent=149"}],"curies":[{"name":"wp","href":"https:\/\/api.w.org\/{rel}","templated":true}]}}