{"id":19,"date":"2022-01-18T14:47:19","date_gmt":"2022-01-18T13:47:19","guid":{"rendered":"https:\/\/lauredezert-psy.fr\/?page_id=19"},"modified":"2022-06-24T11:59:47","modified_gmt":"2022-06-24T09:59:47","slug":"a-propos","status":"publish","type":"page","link":"https:\/\/lauredezert-psy.fr\/?page_id=19","title":{"rendered":"A propos"},"content":{"rendered":"<p>[et_pb_section fb_built=&#8221;1&#8243; _builder_version=&#8221;4.16&#8243; _module_preset=&#8221;default&#8221; background_color=&#8221;#B9CDEA&#8221; global_colors_info=&#8221;{}&#8221;][et_pb_row _builder_version=&#8221;4.16&#8243; _module_preset=&#8221;default&#8221; background_color=&#8221;#B9CDEA&#8221; width=&#8221;100%&#8221; max_width=&#8221;100%&#8221; module_alignment=&#8221;center&#8221; min_height=&#8221;53.4px&#8221; custom_margin=&#8221;|auto||187px||&#8221; global_colors_info=&#8221;{}&#8221;][et_pb_column type=&#8221;4_4&#8243; _builder_version=&#8221;4.16&#8243; _module_preset=&#8221;default&#8221; global_colors_info=&#8221;{}&#8221;][et_pb_text _builder_version=&#8221;4.16&#8243; _module_preset=&#8221;default&#8221; header_2_font=&#8221;Montserrat||||||||&#8221; header_2_font_size=&#8221;48px&#8221; header_2_line_height=&#8221;1.3em&#8221; custom_margin=&#8221;-40px||51px||false|false&#8221; custom_padding=&#8221;0px||||false|false&#8221; header_2_font_size_tablet=&#8221;34px&#8221; header_2_font_size_phone=&#8221;22px&#8221; header_2_font_size_last_edited=&#8221;on|phone&#8221; locked=&#8221;off&#8221; global_colors_info=&#8221;{}&#8221;]<\/p>\n<h1 style=\"text-align: center;\">Psychologue Clinicienne-Enfants et adolescents<\/h1>\n<p>[\/et_pb_text][\/et_pb_column][\/et_pb_row][\/et_pb_section][et_pb_section fb_built=&#8221;1&#8243; _builder_version=&#8221;4.16&#8243; _module_preset=&#8221;default&#8221; custom_margin=&#8221;-104px|||||&#8221; custom_padding=&#8221;||27px|||&#8221; global_colors_info=&#8221;{}&#8221;][et_pb_row column_structure=&#8221;1_2,1_2&#8243; _builder_version=&#8221;4.17.4&#8243; _module_preset=&#8221;default&#8221; max_width=&#8221;1227px&#8221; min_height=&#8221;550px&#8221; custom_margin=&#8221;|auto|||false|false&#8221; custom_padding=&#8221;||0px||false|false&#8221; hover_enabled=&#8221;0&#8243; global_colors_info=&#8221;{}&#8221; sticky_enabled=&#8221;0&#8243;][et_pb_column type=&#8221;1_2&#8243; _builder_version=&#8221;4.16&#8243; _module_preset=&#8221;default&#8221; global_colors_info=&#8221;{}&#8221;][et_pb_text _builder_version=&#8221;4.16&#8243; _module_preset=&#8221;default&#8221; text_font_size=&#8221;19px&#8221; header_3_line_height=&#8221;1.5em&#8221; global_colors_info=&#8221;{}&#8221;]<\/p>\n<h2><strong>Mon parcours de formation<\/strong><\/h2>\n<p>[\/et_pb_text][et_pb_divider color=&#8221;#0B446D&#8221; _builder_version=&#8221;4.16&#8243; _module_preset=&#8221;default&#8221; global_colors_info=&#8221;{}&#8221;][\/et_pb_divider][et_pb_text _builder_version=&#8221;4.17.4&#8243; _module_preset=&#8221;default&#8221; text_font=&#8221;EB Garamond||||||||&#8221; text_font_size=&#8221;20px&#8221; custom_padding=&#8221;0px||25px||false|false&#8221; global_colors_info=&#8221;{}&#8221;]<\/p>\n<p style=\"text-align: justify;\">Apr\u00e8s une formation initiale \u00e0 Sciences-po Paris et une exp\u00e9rience en entreprise, j&#8217;ai repris des \u00e9tudes de graphologie puis de psychologie, tout d&#8217;abord \u00e0 Londres (Thames Valley University) puis en France \u00e0 l&#8217;Universit\u00e9 Paris Ouest La D\u00e9fense. Je me suis beaucoup int\u00e9ress\u00e9e \u00e0 la th\u00e9orie de l&#8217;attachement et aux probl\u00e9matiques d&#8217;estime de soi, th\u00e8mes de mon m\u00e9moire de recherche de Master II.<\/p>\n<p style=\"text-align: justify;\">J&#8217;ai continu\u00e9 de me former en lisant les ouvrages de Philippe Jeammet, p\u00e9dopsychiatre sp\u00e9cialis\u00e9 dans les troubles du comportement chez l&#8217;adolescent, ce qui m&#8217;a permis d&#8217;approfondir les enjeux de s\u00e9paration\/individuation et la construction de l&#8217;identit\u00e9. Les \u00e9crits de Daniel Marcelli, p\u00e9dopsychiatre qui a beaucoup r\u00e9fl\u00e9chi sur la juste autorit\u00e9 de l&#8217;adulte \u00e0 l&#8217;\u00e9gard de l&#8217;enfant, ont contribu\u00e9 aussi \u00e0 nourrir ma r\u00e9flexion. Enfin, le travail d&#8217;Ariane Bilheran, docteur en psychopathlogie, sur le harc\u00e8lement et la manipulation m&#8217;ont permis d&#8217;aborder les sujets de la violence et de la maltraitrance.<\/p>\n<p>[\/et_pb_text][\/et_pb_column][et_pb_column type=&#8221;1_2&#8243; _builder_version=&#8221;4.16&#8243; _module_preset=&#8221;default&#8221; global_colors_info=&#8221;{}&#8221;][et_pb_image src=&#8221;http:\/\/lauredezert-psy.fr\/wp-content\/uploads\/2022\/06\/anniversairelolo080622-e1654637080728.jpg&#8221; title_text=&#8221;anniversairelolo080622&#8243; _builder_version=&#8221;4.17.4&#8243; _module_preset=&#8221;default&#8221; custom_margin=&#8221;70px||||false|false&#8221; hover_enabled=&#8221;0&#8243; global_colors_info=&#8221;{}&#8221; sticky_enabled=&#8221;0&#8243; max_width=&#8221;85%&#8221; align=&#8221;center&#8221;][\/et_pb_image][\/et_pb_column][\/et_pb_row][\/et_pb_section][et_pb_section fb_built=&#8221;1&#8243; _builder_version=&#8221;4.16&#8243; _module_preset=&#8221;default&#8221; width=&#8221;100%&#8221; custom_margin=&#8221;-5px|||||&#8221; global_colors_info=&#8221;{}&#8221;][et_pb_row _builder_version=&#8221;4.17.4&#8243; _module_preset=&#8221;default&#8221; background_color=&#8221;#B9CDEA&#8221; width=&#8221;79.8%&#8221; min_height=&#8221;90.8px&#8221; custom_margin=&#8221;|||auto|false|false&#8221; custom_padding=&#8221;30px|30px|30px|30px|false|false&#8221; hover_enabled=&#8221;0&#8243; global_colors_info=&#8221;{}&#8221; sticky_enabled=&#8221;0&#8243;][et_pb_column type=&#8221;4_4&#8243; _builder_version=&#8221;4.16&#8243; _module_preset=&#8221;default&#8221; global_colors_info=&#8221;{}&#8221;][et_pb_text _builder_version=&#8221;4.16&#8243; _module_preset=&#8221;default&#8221; text_font_size=&#8221;19px&#8221; header_3_line_height=&#8221;1.5em&#8221; custom_margin=&#8221;||10px||false|false&#8221; custom_padding=&#8221;0px||3px||false|false&#8221; global_colors_info=&#8221;{}&#8221;]<\/p>\n<h2><strong>La pr\u00e9vention de la maltraitance des enfants<\/strong><\/h2>\n<p>[\/et_pb_text][et_pb_divider color=&#8221;#0B446D&#8221; _builder_version=&#8221;4.17.4&#8243; _module_preset=&#8221;default&#8221; hover_enabled=&#8221;0&#8243; global_colors_info=&#8221;{}&#8221; sticky_enabled=&#8221;0&#8243;][\/et_pb_divider][et_pb_text _builder_version=&#8221;4.16&#8243; _module_preset=&#8221;default&#8221; text_font=&#8221;EB Garamond||||||||&#8221; text_font_size=&#8221;20px&#8221; min_height=&#8221;140.6px&#8221; custom_margin=&#8221;-105px||0px||false|false&#8221; custom_padding=&#8221;93px||10px||false|false&#8221; global_colors_info=&#8221;{}&#8221;]<\/p>\n<p style=\"text-align: justify;\">Avec ma coll\u00e8gue, Sophie G\u00e9nin, sp\u00e9cialis\u00e9e dans le suivi des enfants maltrait\u00e9s, j&#8217;anime, au sein d&#8217;une \u00e9cole primaire de Rueil-Malmaison, des journ\u00e9es de pr\u00e9vention de violences physiques, morales et sexuelles envers les enfants. Ces ateliers permettent aux enfants d&#8217;\u00e9changer sur la violence quotidienne (harc\u00e8lement)qu&#8217;ils subissent parfois et de comprendre comment mieux y faire face. Gr\u00e2ce aux jeux de r\u00f4le travaill\u00e9s en classe, ils peuvent mettre des mots sur des situations de violence et r\u00e9aliser combien il est important de parler aux adultes de confiance en cas d&#8217;agression.<\/p>\n<p>[\/et_pb_text][\/et_pb_column][\/et_pb_row][et_pb_row _builder_version=&#8221;4.17.4&#8243; _module_preset=&#8221;default&#8221; custom_margin=&#8221;50px|auto|||false|false&#8221; custom_padding=&#8221;|||0px|false|false&#8221; hover_enabled=&#8221;0&#8243; global_colors_info=&#8221;{}&#8221; sticky_enabled=&#8221;0&#8243;][et_pb_column type=&#8221;4_4&#8243; _builder_version=&#8221;4.16&#8243; _module_preset=&#8221;default&#8221; global_colors_info=&#8221;{}&#8221;][et_pb_text _builder_version=&#8221;4.17.4&#8243; _module_preset=&#8221;default&#8221; text_font_size=&#8221;19px&#8221; header_3_line_height=&#8221;1.5em&#8221; custom_margin=&#8221;0px||||false|false&#8221; custom_padding=&#8221;||0px||false|false&#8221; hover_enabled=&#8221;0&#8243; global_colors_info=&#8221;{}&#8221; sticky_enabled=&#8221;0&#8243;]<\/p>\n<h2><strong>Les consultations individuelles et les th\u00e9rapies de groupe<\/strong><\/h2>\n<p>[\/et_pb_text][et_pb_divider color=&#8221;#0B446D&#8221; _builder_version=&#8221;4.17.4&#8243; _module_preset=&#8221;default&#8221; custom_margin=&#8221;0px||13px||false|false&#8221; custom_padding=&#8221;||12px|||&#8221; hover_enabled=&#8221;0&#8243; global_colors_info=&#8221;{}&#8221; sticky_enabled=&#8221;0&#8243;][\/et_pb_divider][et_pb_text _builder_version=&#8221;4.17.4&#8243; _module_preset=&#8221;default&#8221; text_font=&#8221;EB Garamond||||||||&#8221; text_font_size=&#8221;20px&#8221; min_height=&#8221;189px&#8221; custom_padding=&#8221;||||false|false&#8221; hover_enabled=&#8221;0&#8243; global_colors_info=&#8221;{}&#8221; sticky_enabled=&#8221;0&#8243;]<\/p>\n<p>Je re\u00e7ois dans mon cabinet de Rueil-Malmaison et, exceptionnellement, par visio-conf\u00e9rence, les adolescents.<\/p>\n<p>La dur\u00e9e d&#8217;un suivi d\u00e9pend de la probl\u00e9matique de l&#8217;enfant ou de l&#8217;adolescent.<\/p>\n<p>Pour les jeunes enfants, seules quelques s\u00e9ances peuvent suffire alors qu&#8217;un suivi r\u00e9gulier et plus long est n\u00e9cessaire pour les enfants et les adolescents.<\/p>\n<p>La premi\u00e8re consultation dure en g\u00e9n\u00e9ral une heure et est factur\u00e9e 72 euros.<\/p>\n<p>La consulation individuelle de 50 minutes co\u00fbte 60 euros.<\/p>\n<p>Les th\u00e9rapies de groupe se d\u00e9roulent sur six ou sept s\u00e9ances d&#8217;une heure quarante cinq ou deux heures et le parcours co\u00fbte 500 euros. Il est anim\u00e9 par moi-m\u00eame et une co-th\u00e9rapeute.<\/p>\n<p>Je consulte les lundi, mercredi et jeudi de 10h \u00e0 19h et le samedi de 9h \u00e0 14h.<\/p>\n<p>[\/et_pb_text][et_pb_text _builder_version=&#8221;4.17.4&#8243; _module_preset=&#8221;default&#8221; text_font=&#8221;EB Garamond||||||||&#8221; text_font_size=&#8221;20px&#8221; custom_margin=&#8221;||0px||false|false&#8221; custom_padding=&#8221;0px|||||&#8221; hover_enabled=&#8221;0&#8243; global_colors_info=&#8221;{}&#8221; sticky_enabled=&#8221;0&#8243;]<\/p>\n<p style=\"text-align: justify;\">Souhaitant proposer un accompagnement de qualit\u00e9 \u00e0 tous mes patients, je suis accompagn\u00e9e une fois par mois en <strong>supervision<\/strong> par une psychologue, avec laquelle j&#8217;analyse ma pratique.<\/p>\n<p style=\"text-align: justify;\">Je participe aussi \u00e0 un groupe d&#8217;<strong>intervision<\/strong> form\u00e9 par cinq psychologues cliniciennes, au sein duquel nous r\u00e9flechissons et analysons des cas complexes, \u00e9changeons de l&#8217;information sur l&#8217;actualit\u00e9 de la profession et de la formation.<\/p>\n<p>[\/et_pb_text][\/et_pb_column][\/et_pb_row][\/et_pb_section]<\/p>\n","protected":false},"excerpt":{"rendered":"<p>Psychologue Clinicienne-Enfants et adolescentsMon parcours de formationApr\u00e8s une formation initiale \u00e0 Sciences-po Paris et une exp\u00e9rience en entreprise, j&#8217;ai repris des \u00e9tudes de graphologie puis de psychologie, tout d&#8217;abord \u00e0 Londres (Thames Valley University) puis en France \u00e0 l&#8217;Universit\u00e9 Paris Ouest La D\u00e9fense. Je me suis beaucoup int\u00e9ress\u00e9e \u00e0 la th\u00e9orie de l&#8217;attachement et aux [&hellip;]<\/p>\n","protected":false},"author":1,"featured_media":0,"parent":0,"menu_order":0,"comment_status":"closed","ping_status":"closed","template":"","meta":{"_et_pb_use_builder":"on","_et_pb_old_content":"","_et_gb_content_width":"","footnotes":""},"yoast_head":"<!-- This site is optimized with the Yoast SEO plugin v24.5 - https:\/\/yoast.com\/wordpress\/plugins\/seo\/ -->\n<title>A propos - Laure Dezert Psychologue<\/title>\n<meta name=\"robots\" content=\"index, follow, max-snippet:-1, max-image-preview:large, max-video-preview:-1\" \/>\n<link rel=\"canonical\" href=\"https:\/\/lauredezert-psy.fr\/?page_id=19\" \/>\n<meta property=\"og:locale\" content=\"en_US\" \/>\n<meta property=\"og:type\" content=\"article\" \/>\n<meta property=\"og:title\" content=\"A propos - Laure Dezert Psychologue\" \/>\n<meta property=\"og:description\" content=\"Psychologue Clinicienne-Enfants et adolescentsMon parcours de formationApr\u00e8s une formation initiale \u00e0 Sciences-po Paris et une exp\u00e9rience en entreprise, j&#039;ai repris des \u00e9tudes de graphologie puis de psychologie, tout d&#039;abord \u00e0 Londres (Thames Valley University) puis en France \u00e0 l&#039;Universit\u00e9 Paris Ouest La D\u00e9fense. Je me suis beaucoup int\u00e9ress\u00e9e \u00e0 la th\u00e9orie de l&#039;attachement et aux [&hellip;]\" \/>\n<meta property=\"og:url\" content=\"https:\/\/lauredezert-psy.fr\/?page_id=19\" \/>\n<meta property=\"og:site_name\" content=\"Laure Dezert Psychologue\" \/>\n<meta property=\"article:modified_time\" content=\"2022-06-24T09:59:47+00:00\" \/>\n<meta name=\"twitter:card\" content=\"summary_large_image\" \/>\n<meta name=\"twitter:label1\" content=\"Est. reading time\" \/>\n\t<meta name=\"twitter:data1\" content=\"6 minutes\" \/>\n<script type=\"application\/ld+json\" class=\"yoast-schema-graph\">{\"@context\":\"https:\/\/schema.org\",\"@graph\":[{\"@type\":\"WebPage\",\"@id\":\"https:\/\/lauredezert-psy.fr\/?page_id=19\",\"url\":\"https:\/\/lauredezert-psy.fr\/?page_id=19\",\"name\":\"A propos - Laure Dezert Psychologue\",\"isPartOf\":{\"@id\":\"http:\/\/lauredezert-psy.fr\/#website\"},\"datePublished\":\"2022-01-18T13:47:19+00:00\",\"dateModified\":\"2022-06-24T09:59:47+00:00\",\"breadcrumb\":{\"@id\":\"https:\/\/lauredezert-psy.fr\/?page_id=19#breadcrumb\"},\"inLanguage\":\"en-US\",\"potentialAction\":[{\"@type\":\"ReadAction\",\"target\":[\"https:\/\/lauredezert-psy.fr\/?page_id=19\"]}]},{\"@type\":\"BreadcrumbList\",\"@id\":\"https:\/\/lauredezert-psy.fr\/?page_id=19#breadcrumb\",\"itemListElement\":[{\"@type\":\"ListItem\",\"position\":1,\"name\":\"Accueil\",\"item\":\"http:\/\/lauredezert-psy.fr\/\"},{\"@type\":\"ListItem\",\"position\":2,\"name\":\"A propos\"}]},{\"@type\":\"WebSite\",\"@id\":\"http:\/\/lauredezert-psy.fr\/#website\",\"url\":\"http:\/\/lauredezert-psy.fr\/\",\"name\":\"Laure Dezert Psychologue\",\"description\":\"\",\"potentialAction\":[{\"@type\":\"SearchAction\",\"target\":{\"@type\":\"EntryPoint\",\"urlTemplate\":\"http:\/\/lauredezert-psy.fr\/?s={search_term_string}\"},\"query-input\":{\"@type\":\"PropertyValueSpecification\",\"valueRequired\":true,\"valueName\":\"search_term_string\"}}],\"inLanguage\":\"en-US\"}]}<\/script>\n<!-- \/ Yoast SEO plugin. -->","yoast_head_json":{"title":"A propos - Laure Dezert Psychologue","robots":{"index":"index","follow":"follow","max-snippet":"max-snippet:-1","max-image-preview":"max-image-preview:large","max-video-preview":"max-video-preview:-1"},"canonical":"https:\/\/lauredezert-psy.fr\/?page_id=19","og_locale":"en_US","og_type":"article","og_title":"A propos - Laure Dezert Psychologue","og_description":"Psychologue Clinicienne-Enfants et adolescentsMon parcours de formationApr\u00e8s une formation initiale \u00e0 Sciences-po Paris et une exp\u00e9rience en entreprise, j'ai repris des \u00e9tudes de graphologie puis de psychologie, tout d'abord \u00e0 Londres (Thames Valley University) puis en France \u00e0 l'Universit\u00e9 Paris Ouest La D\u00e9fense. Je me suis beaucoup int\u00e9ress\u00e9e \u00e0 la th\u00e9orie de l'attachement et aux [&hellip;]","og_url":"https:\/\/lauredezert-psy.fr\/?page_id=19","og_site_name":"Laure Dezert Psychologue","article_modified_time":"2022-06-24T09:59:47+00:00","twitter_card":"summary_large_image","twitter_misc":{"Est. reading time":"6 minutes"},"schema":{"@context":"https:\/\/schema.org","@graph":[{"@type":"WebPage","@id":"https:\/\/lauredezert-psy.fr\/?page_id=19","url":"https:\/\/lauredezert-psy.fr\/?page_id=19","name":"A propos - Laure Dezert Psychologue","isPartOf":{"@id":"http:\/\/lauredezert-psy.fr\/#website"},"datePublished":"2022-01-18T13:47:19+00:00","dateModified":"2022-06-24T09:59:47+00:00","breadcrumb":{"@id":"https:\/\/lauredezert-psy.fr\/?page_id=19#breadcrumb"},"inLanguage":"en-US","potentialAction":[{"@type":"ReadAction","target":["https:\/\/lauredezert-psy.fr\/?page_id=19"]}]},{"@type":"BreadcrumbList","@id":"https:\/\/lauredezert-psy.fr\/?page_id=19#breadcrumb","itemListElement":[{"@type":"ListItem","position":1,"name":"Accueil","item":"http:\/\/lauredezert-psy.fr\/"},{"@type":"ListItem","position":2,"name":"A propos"}]},{"@type":"WebSite","@id":"http:\/\/lauredezert-psy.fr\/#website","url":"http:\/\/lauredezert-psy.fr\/","name":"Laure Dezert Psychologue","description":"","potentialAction":[{"@type":"SearchAction","target":{"@type":"EntryPoint","urlTemplate":"http:\/\/lauredezert-psy.fr\/?s={search_term_string}"},"query-input":{"@type":"PropertyValueSpecification","valueRequired":true,"valueName":"search_term_string"}}],"inLanguage":"en-US"}]}},"_links":{"self":[{"href":"https:\/\/lauredezert-psy.fr\/index.php?rest_route=\/wp\/v2\/pages\/19"}],"collection":[{"href":"https:\/\/lauredezert-psy.fr\/index.php?rest_route=\/wp\/v2\/pages"}],"about":[{"href":"https:\/\/lauredezert-psy.fr\/index.php?rest_route=\/wp\/v2\/types\/page"}],"author":[{"embeddable":true,"href":"https:\/\/lauredezert-psy.fr\/index.php?rest_route=\/wp\/v2\/users\/1"}],"replies":[{"embeddable":true,"href":"https:\/\/lauredezert-psy.fr\/index.php?rest_route=%2Fwp%2Fv2%2Fcomments&post=19"}],"version-history":[{"count":58,"href":"https:\/\/lauredezert-psy.fr\/index.php?rest_route=\/wp\/v2\/pages\/19\/revisions"}],"predecessor-version":[{"id":752,"href":"https:\/\/lauredezert-psy.fr\/index.php?rest_route=\/wp\/v2\/pages\/19\/revisions\/752"}],"wp:attachment":[{"href":"https:\/\/lauredezert-psy.fr\/index.php?rest_route=%2Fwp%2Fv2%2Fmedia&parent=19"}],"curies":[{"name":"wp","href":"https:\/\/api.w.org\/{rel}","templated":true}]}}