{"id":64,"date":"2022-02-02T10:59:09","date_gmt":"2022-02-02T09:59:09","guid":{"rendered":"https:\/\/lauredezert-psy.fr\/?page_id=64"},"modified":"2022-06-24T12:18:55","modified_gmt":"2022-06-24T10:18:55","slug":"affirmation-de-soi","status":"publish","type":"page","link":"https:\/\/lauredezert-psy.fr\/?page_id=64","title":{"rendered":"Affirmation de soi"},"content":{"rendered":"<p>[et_pb_section fb_built=&#8221;1&#8243; _builder_version=&#8221;4.16&#8243; _module_preset=&#8221;default&#8221; global_colors_info=&#8221;{}&#8221;][et_pb_row _builder_version=&#8221;4.16&#8243; _module_preset=&#8221;default&#8221; global_colors_info=&#8221;{}&#8221;][et_pb_column type=&#8221;4_4&#8243; _builder_version=&#8221;4.16&#8243; _module_preset=&#8221;default&#8221; global_colors_info=&#8221;{}&#8221;][et_pb_text _builder_version=&#8221;4.16&#8243; _module_preset=&#8221;default&#8221; header_2_font=&#8221;Montserrat||||||||&#8221; header_2_font_size=&#8221;48px&#8221; header_2_line_height=&#8221;1.3em&#8221; header_2_font_size_tablet=&#8221;34px&#8221; header_2_font_size_phone=&#8221;22px&#8221; header_2_font_size_last_edited=&#8221;on|phone&#8221; locked=&#8221;off&#8221; global_colors_info=&#8221;{}&#8221;]<\/p>\n<h1 style=\"text-align: center;\">Les groupes d&#8217;affirmation de soi<\/h1>\n<p>&nbsp;<\/p>\n<p>[\/et_pb_text][et_pb_divider color=&#8221;#0B446D&#8221; _builder_version=&#8221;4.16&#8243; _module_preset=&#8221;default&#8221; custom_margin=&#8221;-30px||0px||false|false&#8221; custom_padding=&#8221;0px||0px||false|false&#8221; global_colors_info=&#8221;{}&#8221;][\/et_pb_divider][\/et_pb_column][\/et_pb_row][et_pb_row _builder_version=&#8221;4.17.4&#8243; _module_preset=&#8221;default&#8221; width=&#8221;78.9%&#8221; min_height=&#8221;304px&#8221; custom_margin=&#8221;-20px|auto|||false|false&#8221; custom_padding=&#8221;|1px||||&#8221; hover_enabled=&#8221;0&#8243; global_colors_info=&#8221;{}&#8221; sticky_enabled=&#8221;0&#8243;][et_pb_column type=&#8221;4_4&#8243; _builder_version=&#8221;4.16&#8243; _module_preset=&#8221;default&#8221; global_colors_info=&#8221;{}&#8221;][et_pb_text _builder_version=&#8221;4.17.4&#8243; _module_preset=&#8221;default&#8221; custom_padding=&#8221;||20px||false|false&#8221; hover_enabled=&#8221;0&#8243; global_colors_info=&#8221;{}&#8221; sticky_enabled=&#8221;0&#8243; custom_margin=&#8221;-10px||||false|false&#8221;]<\/p>\n<p style=\"text-align: justify;\">L&#8217;affirmation de soi est la manifestation concr\u00e8te de l&#8217;estime de soi. Avoir un comportement affirm\u00e9, c&#8217;est instaurer un <strong>rapport \u00e9quilibr\u00e9 dans la relation<\/strong> (ni inhib\u00e9, ni agressif) en fonction du contexte. C&#8217;est une comp\u00e9tence essentielle que l&#8217;adolescent doit acqu\u00e9rir afin de cr\u00e9er des liens affectifs sains et durables au sein de ses groupes de pairs (sportifs, scolaires, &#8230;) et cr\u00e9er ainsi les conditions de son bien-\u00eatre.<\/p>\n<p style=\"text-align: justify;\">Le parcours est construit pour les adolescents et vise \u00e0 les mettre en situation pour qu&#8217;ils exp\u00e9rimentent, gr\u00e2ce \u00e0 des jeux de r\u00f4le, le visionnage des vid\u00e9os prises en s\u00e9ance et le debrief, les effets et les cons\u00e9quences de leur &#8220;style&#8221; d&#8217;affirmation de soi. Ils sont aussi amen\u00e9s \u00e0 travailler sur le renforcement de leur estime de soi par une meilleure connaissance de soi et une attitude bienveillante \u00e0 l&#8217;\u00e9gard de soi-m\u00eame. Il comprend septs s\u00e9ances de deux heures, anim\u00e9es par deux th\u00e9rapeutes, Laure Dezert, psychologue clinicienne, et une coach professionnelle d&#8217;orientation. Le groupe est constitu\u00e9 de quatre \u00e0 six jeunes coll\u00e9giens, proches en \u00e2ge, pr\u00e9-adolescents ou adolescents, afin de cr\u00e9er une coh\u00e9sion de groupe et des possibilit\u00e9s de partage d&#8217;exp\u00e9rience de vie.<\/p>\n<p style=\"text-align: justify;\">Pour avoir plus de d\u00e9tail sur le contenu des s\u00e9ances et les dates de d\u00e9marrage, contactez directement Laure Dezert<\/p>\n<p>[\/et_pb_text][et_pb_image src=&#8221;http:\/\/lauredezert-psy.fr\/wp-content\/uploads\/2022\/05\/connaitre-et-gerer-ses-emotions160522.jpg&#8221; title_text=&#8221;connaitre et g\u00e9rer ses emotions160522&#8243; _builder_version=&#8221;4.16&#8243; _module_preset=&#8221;default&#8221; global_colors_info=&#8221;{}&#8221;][\/et_pb_image][\/et_pb_column][\/et_pb_row][\/et_pb_section]<\/p>\n","protected":false},"excerpt":{"rendered":"<p>Les groupes d&#8217;affirmation de soi &nbsp;L&#8217;affirmation de soi est la manifestation concr\u00e8te de l&#8217;estime de soi. Avoir un comportement affirm\u00e9, c&#8217;est instaurer un rapport \u00e9quilibr\u00e9 dans la relation (ni inhib\u00e9, ni agressif) en fonction du contexte. C&#8217;est une comp\u00e9tence essentielle que l&#8217;adolescent doit acqu\u00e9rir afin de cr\u00e9er des liens affectifs sains et durables au sein [&hellip;]<\/p>\n","protected":false},"author":1,"featured_media":0,"parent":0,"menu_order":0,"comment_status":"closed","ping_status":"closed","template":"","meta":{"_et_pb_use_builder":"on","_et_pb_old_content":"<!-- wp:divi\/placeholder \/-->","_et_gb_content_width":"","footnotes":""},"yoast_head":"<!-- This site is optimized with the Yoast SEO plugin v24.5 - https:\/\/yoast.com\/wordpress\/plugins\/seo\/ -->\n<title>Affirmation de soi - Laure Dezert Psychologue<\/title>\n<meta name=\"robots\" content=\"index, follow, max-snippet:-1, max-image-preview:large, max-video-preview:-1\" \/>\n<link rel=\"canonical\" href=\"https:\/\/lauredezert-psy.fr\/?page_id=64\" \/>\n<meta property=\"og:locale\" content=\"en_US\" \/>\n<meta property=\"og:type\" content=\"article\" \/>\n<meta property=\"og:title\" content=\"Affirmation de soi - Laure Dezert Psychologue\" \/>\n<meta property=\"og:description\" content=\"Les groupes d&#039;affirmation de soi &nbsp;L&#039;affirmation de soi est la manifestation concr\u00e8te de l&#039;estime de soi. Avoir un comportement affirm\u00e9, c&#039;est instaurer un rapport \u00e9quilibr\u00e9 dans la relation (ni inhib\u00e9, ni agressif) en fonction du contexte. C&#039;est une comp\u00e9tence essentielle que l&#039;adolescent doit acqu\u00e9rir afin de cr\u00e9er des liens affectifs sains et durables au sein [&hellip;]\" \/>\n<meta property=\"og:url\" content=\"https:\/\/lauredezert-psy.fr\/?page_id=64\" \/>\n<meta property=\"og:site_name\" content=\"Laure Dezert Psychologue\" \/>\n<meta property=\"article:modified_time\" content=\"2022-06-24T10:18:55+00:00\" \/>\n<meta name=\"twitter:card\" content=\"summary_large_image\" \/>\n<meta name=\"twitter:label1\" content=\"Est. reading time\" \/>\n\t<meta name=\"twitter:data1\" content=\"2 minutes\" \/>\n<script type=\"application\/ld+json\" class=\"yoast-schema-graph\">{\"@context\":\"https:\/\/schema.org\",\"@graph\":[{\"@type\":\"WebPage\",\"@id\":\"https:\/\/lauredezert-psy.fr\/?page_id=64\",\"url\":\"https:\/\/lauredezert-psy.fr\/?page_id=64\",\"name\":\"Affirmation de soi - Laure Dezert Psychologue\",\"isPartOf\":{\"@id\":\"http:\/\/lauredezert-psy.fr\/#website\"},\"datePublished\":\"2022-02-02T09:59:09+00:00\",\"dateModified\":\"2022-06-24T10:18:55+00:00\",\"breadcrumb\":{\"@id\":\"https:\/\/lauredezert-psy.fr\/?page_id=64#breadcrumb\"},\"inLanguage\":\"en-US\",\"potentialAction\":[{\"@type\":\"ReadAction\",\"target\":[\"https:\/\/lauredezert-psy.fr\/?page_id=64\"]}]},{\"@type\":\"BreadcrumbList\",\"@id\":\"https:\/\/lauredezert-psy.fr\/?page_id=64#breadcrumb\",\"itemListElement\":[{\"@type\":\"ListItem\",\"position\":1,\"name\":\"Accueil\",\"item\":\"http:\/\/lauredezert-psy.fr\/\"},{\"@type\":\"ListItem\",\"position\":2,\"name\":\"Affirmation de soi\"}]},{\"@type\":\"WebSite\",\"@id\":\"http:\/\/lauredezert-psy.fr\/#website\",\"url\":\"http:\/\/lauredezert-psy.fr\/\",\"name\":\"Laure Dezert Psychologue\",\"description\":\"\",\"potentialAction\":[{\"@type\":\"SearchAction\",\"target\":{\"@type\":\"EntryPoint\",\"urlTemplate\":\"http:\/\/lauredezert-psy.fr\/?s={search_term_string}\"},\"query-input\":{\"@type\":\"PropertyValueSpecification\",\"valueRequired\":true,\"valueName\":\"search_term_string\"}}],\"inLanguage\":\"en-US\"}]}<\/script>\n<!-- \/ Yoast SEO plugin. -->","yoast_head_json":{"title":"Affirmation de soi - Laure Dezert Psychologue","robots":{"index":"index","follow":"follow","max-snippet":"max-snippet:-1","max-image-preview":"max-image-preview:large","max-video-preview":"max-video-preview:-1"},"canonical":"https:\/\/lauredezert-psy.fr\/?page_id=64","og_locale":"en_US","og_type":"article","og_title":"Affirmation de soi - Laure Dezert Psychologue","og_description":"Les groupes d'affirmation de soi &nbsp;L'affirmation de soi est la manifestation concr\u00e8te de l'estime de soi. Avoir un comportement affirm\u00e9, c'est instaurer un rapport \u00e9quilibr\u00e9 dans la relation (ni inhib\u00e9, ni agressif) en fonction du contexte. C'est une comp\u00e9tence essentielle que l'adolescent doit acqu\u00e9rir afin de cr\u00e9er des liens affectifs sains et durables au sein [&hellip;]","og_url":"https:\/\/lauredezert-psy.fr\/?page_id=64","og_site_name":"Laure Dezert Psychologue","article_modified_time":"2022-06-24T10:18:55+00:00","twitter_card":"summary_large_image","twitter_misc":{"Est. reading time":"2 minutes"},"schema":{"@context":"https:\/\/schema.org","@graph":[{"@type":"WebPage","@id":"https:\/\/lauredezert-psy.fr\/?page_id=64","url":"https:\/\/lauredezert-psy.fr\/?page_id=64","name":"Affirmation de soi - Laure Dezert Psychologue","isPartOf":{"@id":"http:\/\/lauredezert-psy.fr\/#website"},"datePublished":"2022-02-02T09:59:09+00:00","dateModified":"2022-06-24T10:18:55+00:00","breadcrumb":{"@id":"https:\/\/lauredezert-psy.fr\/?page_id=64#breadcrumb"},"inLanguage":"en-US","potentialAction":[{"@type":"ReadAction","target":["https:\/\/lauredezert-psy.fr\/?page_id=64"]}]},{"@type":"BreadcrumbList","@id":"https:\/\/lauredezert-psy.fr\/?page_id=64#breadcrumb","itemListElement":[{"@type":"ListItem","position":1,"name":"Accueil","item":"http:\/\/lauredezert-psy.fr\/"},{"@type":"ListItem","position":2,"name":"Affirmation de soi"}]},{"@type":"WebSite","@id":"http:\/\/lauredezert-psy.fr\/#website","url":"http:\/\/lauredezert-psy.fr\/","name":"Laure Dezert Psychologue","description":"","potentialAction":[{"@type":"SearchAction","target":{"@type":"EntryPoint","urlTemplate":"http:\/\/lauredezert-psy.fr\/?s={search_term_string}"},"query-input":{"@type":"PropertyValueSpecification","valueRequired":true,"valueName":"search_term_string"}}],"inLanguage":"en-US"}]}},"_links":{"self":[{"href":"https:\/\/lauredezert-psy.fr\/index.php?rest_route=\/wp\/v2\/pages\/64"}],"collection":[{"href":"https:\/\/lauredezert-psy.fr\/index.php?rest_route=\/wp\/v2\/pages"}],"about":[{"href":"https:\/\/lauredezert-psy.fr\/index.php?rest_route=\/wp\/v2\/types\/page"}],"author":[{"embeddable":true,"href":"https:\/\/lauredezert-psy.fr\/index.php?rest_route=\/wp\/v2\/users\/1"}],"replies":[{"embeddable":true,"href":"https:\/\/lauredezert-psy.fr\/index.php?rest_route=%2Fwp%2Fv2%2Fcomments&post=64"}],"version-history":[{"count":41,"href":"https:\/\/lauredezert-psy.fr\/index.php?rest_route=\/wp\/v2\/pages\/64\/revisions"}],"predecessor-version":[{"id":757,"href":"https:\/\/lauredezert-psy.fr\/index.php?rest_route=\/wp\/v2\/pages\/64\/revisions\/757"}],"wp:attachment":[{"href":"https:\/\/lauredezert-psy.fr\/index.php?rest_route=%2Fwp%2Fv2%2Fmedia&parent=64"}],"curies":[{"name":"wp","href":"https:\/\/api.w.org\/{rel}","templated":true}]}}