{"id":9,"date":"2022-01-18T14:30:11","date_gmt":"2022-01-18T13:30:11","guid":{"rendered":"https:\/\/lauredezert-psy.fr\/?page_id=9"},"modified":"2022-06-24T10:13:55","modified_gmt":"2022-06-24T08:13:55","slug":"habiletes-sociales","status":"publish","type":"page","link":"https:\/\/lauredezert-psy.fr\/?page_id=9","title":{"rendered":"habilet\u00e9s sociales"},"content":{"rendered":"<p>[et_pb_section fb_built=&#8221;1&#8243; _builder_version=&#8221;4.16&#8243; _module_preset=&#8221;default&#8221; global_colors_info=&#8221;{}&#8221;][et_pb_row _builder_version=&#8221;4.16&#8243; _module_preset=&#8221;default&#8221; background_color=&#8221;RGBA(255,255,255,0)&#8221; width=&#8221;76.7%&#8221; custom_margin=&#8221;|330px||auto||&#8221; global_colors_info=&#8221;{}&#8221;][et_pb_column type=&#8221;4_4&#8243; _builder_version=&#8221;4.16&#8243; _module_preset=&#8221;default&#8221; global_colors_info=&#8221;{}&#8221;][et_pb_text _builder_version=&#8221;4.16&#8243; _module_preset=&#8221;default&#8221; header_2_font=&#8221;Montserrat||||||||&#8221; header_2_font_size=&#8221;48px&#8221; header_2_line_height=&#8221;1.3em&#8221; header_2_font_size_tablet=&#8221;34px&#8221; header_2_font_size_phone=&#8221;22px&#8221; header_2_font_size_last_edited=&#8221;on|phone&#8221; locked=&#8221;off&#8221; global_colors_info=&#8221;{}&#8221;]<\/p>\n<h1 style=\"text-align: center;\">Les groupes d&#8217;habilet\u00e9s sociales<\/h1>\n<p>[\/et_pb_text][et_pb_divider color=&#8221;#0B446D&#8221; _builder_version=&#8221;4.16&#8243; _module_preset=&#8221;default&#8221; global_colors_info=&#8221;{}&#8221;][\/et_pb_divider][\/et_pb_column][\/et_pb_row][\/et_pb_section][et_pb_section fb_built=&#8221;1&#8243; _builder_version=&#8221;4.16&#8243; _module_preset=&#8221;default&#8221; custom_margin=&#8221;-60px||||false|false&#8221; custom_padding=&#8221;|150px||||&#8221; global_colors_info=&#8221;{}&#8221;][et_pb_row _builder_version=&#8221;4.16&#8243; _module_preset=&#8221;default&#8221; custom_margin=&#8221;-60px||||false|false&#8221; global_colors_info=&#8221;{}&#8221;][et_pb_column type=&#8221;4_4&#8243; _builder_version=&#8221;4.16&#8243; _module_preset=&#8221;default&#8221; global_colors_info=&#8221;{}&#8221;][et_pb_text _builder_version=&#8221;4.16&#8243; _module_preset=&#8221;default&#8221; text_font_size=&#8221;15px&#8221; global_colors_info=&#8221;{}&#8221;]<\/p>\n<p style=\"text-align: justify;\">Dans un contexte o\u00f9 les enfants rapportent fr\u00e9quemment des faits de harc\u00e8lement et les parents des difficult\u00e9s de leurs enfants \u00e0 int\u00e9grer des r\u00e8gles de vie comme le respect et l&#8217;\u00e9coute, l&#8217;objectif des groupes d&#8217;habilet\u00e9s sociales est d<strong>&#8216;am\u00e9liorer la compr\u00e9hension des situations sociales<\/strong> et les relations interpersonnelles afin de permettre aux enfants d&#8217;\u00e9tablir des amiti\u00e9s durables et des relations harmonieuses avec leur entourage. Ces ateliers s&#8217;adressent aux enfants \u00e0 partir de 9 ans (CM1-CM2), ils sont particuli\u00e8rement <strong>utiles aux enfants ayant des difficult\u00e9s d&#8217;interaction<\/strong> (enfants impulsifs, timides, &#8230;) mais ils sont accessibles \u00e0 tous ceux qui cherchent \u00e0 am\u00e9liorer leurs interactions sociales. Ces ateliers sont centr\u00e9s sur la<strong> reconnaissance et l&#8217;expression ad\u00e9quate des \u00e9motions<\/strong> chez l&#8217;enfant et chez ses pairs, ainsi que leur gestion, dans le but de l&#8217;aider \u00e0 adapter son comportement \u00e0 la situation. Ils insistent sur la compr\u00e9hension par l&#8217;enfant du monde qui l&#8217;entoure et comment interpr\u00e9ter certains signes, dans l&#8217;objectif de pr\u00e9venir ou de g\u00e9rer au mieux les situations de harc\u00e8lement. Ils visent aussi \u00e0 aider l&#8217;enfant \u00e0 <strong>s&#8217;exprimer de mani\u00e8re adapt\u00e9e<\/strong> et respectueuse pour atteindre ses objectifs tout en tenant compte de son environnement.<\/p>\n<p style=\"text-align: justify;\">Un pr\u00e9sentation collective des s\u00e9ances est programm\u00e9e en d\u00e9but de parcours ainsi qu&#8217;un debrief de fin de parcours, afin que les parents puissent suivre les progr\u00e8s de leur enfant et les accompagner dans leur d\u00e9marche.<\/p>\n<p style=\"text-align: justify;\">Pour avoir plus d&#8217;information sur le contenu des s\u00e9ances et les dates de d\u00e9marrage, contactez directement Laure Dezert<\/p>\n<p>[\/et_pb_text][\/et_pb_column][\/et_pb_row][et_pb_row _builder_version=&#8221;4.17.4&#8243; _module_preset=&#8221;default&#8221; custom_padding=&#8221;||220px||false|false&#8221; hover_enabled=&#8221;0&#8243; global_colors_info=&#8221;{}&#8221; sticky_enabled=&#8221;0&#8243;][et_pb_column type=&#8221;4_4&#8243; _builder_version=&#8221;4.16&#8243; _module_preset=&#8221;default&#8221; global_colors_info=&#8221;{}&#8221;][et_pb_image src=&#8221;http:\/\/lauredezert-psy.fr\/wp-content\/uploads\/2022\/06\/1.jpg&#8221; alt=&#8221;habilet\u00e9s sociales&#8221; title_text=&#8221;1&#8243; align=&#8221;center&#8221; _builder_version=&#8221;4.17.4&#8243; _module_preset=&#8221;default&#8221; width=&#8221;100%&#8221; custom_margin=&#8221;||-210px|||&#8221; custom_padding=&#8221;||1px|||&#8221; global_colors_info=&#8221;{}&#8221;][\/et_pb_image][\/et_pb_column][\/et_pb_row][\/et_pb_section]<\/p>\n","protected":false},"excerpt":{"rendered":"<p>Les groupes d&#8217;habilet\u00e9s socialesDans un contexte o\u00f9 les enfants rapportent fr\u00e9quemment des faits de harc\u00e8lement et les parents des difficult\u00e9s de leurs enfants \u00e0 int\u00e9grer des r\u00e8gles de vie comme le respect et l&#8217;\u00e9coute, l&#8217;objectif des groupes d&#8217;habilet\u00e9s sociales est d&#8217;am\u00e9liorer la compr\u00e9hension des situations sociales et les relations interpersonnelles afin de permettre aux enfants [&hellip;]<\/p>\n","protected":false},"author":1,"featured_media":0,"parent":0,"menu_order":0,"comment_status":"closed","ping_status":"closed","template":"","meta":{"_et_pb_use_builder":"on","_et_pb_old_content":"","_et_gb_content_width":"","footnotes":""},"yoast_head":"<!-- This site is optimized with the Yoast SEO plugin v24.5 - https:\/\/yoast.com\/wordpress\/plugins\/seo\/ -->\n<title>habilet\u00e9s sociales - Laure Dezert Psychologue<\/title>\n<meta name=\"robots\" content=\"index, follow, max-snippet:-1, max-image-preview:large, max-video-preview:-1\" \/>\n<link rel=\"canonical\" href=\"https:\/\/lauredezert-psy.fr\/?page_id=9\" \/>\n<meta property=\"og:locale\" content=\"en_US\" \/>\n<meta property=\"og:type\" content=\"article\" \/>\n<meta property=\"og:title\" content=\"habilet\u00e9s sociales - Laure Dezert Psychologue\" \/>\n<meta property=\"og:description\" content=\"Les groupes d&#039;habilet\u00e9s socialesDans un contexte o\u00f9 les enfants rapportent fr\u00e9quemment des faits de harc\u00e8lement et les parents des difficult\u00e9s de leurs enfants \u00e0 int\u00e9grer des r\u00e8gles de vie comme le respect et l&#039;\u00e9coute, l&#039;objectif des groupes d&#039;habilet\u00e9s sociales est d&#039;am\u00e9liorer la compr\u00e9hension des situations sociales et les relations interpersonnelles afin de permettre aux enfants [&hellip;]\" \/>\n<meta property=\"og:url\" content=\"https:\/\/lauredezert-psy.fr\/?page_id=9\" \/>\n<meta property=\"og:site_name\" content=\"Laure Dezert Psychologue\" \/>\n<meta property=\"article:modified_time\" content=\"2022-06-24T08:13:55+00:00\" \/>\n<meta name=\"twitter:card\" content=\"summary_large_image\" \/>\n<meta name=\"twitter:label1\" content=\"Est. reading time\" \/>\n\t<meta name=\"twitter:data1\" content=\"3 minutes\" \/>\n<script type=\"application\/ld+json\" class=\"yoast-schema-graph\">{\"@context\":\"https:\/\/schema.org\",\"@graph\":[{\"@type\":\"WebPage\",\"@id\":\"https:\/\/lauredezert-psy.fr\/?page_id=9\",\"url\":\"https:\/\/lauredezert-psy.fr\/?page_id=9\",\"name\":\"habilet\u00e9s sociales - Laure Dezert Psychologue\",\"isPartOf\":{\"@id\":\"http:\/\/lauredezert-psy.fr\/#website\"},\"datePublished\":\"2022-01-18T13:30:11+00:00\",\"dateModified\":\"2022-06-24T08:13:55+00:00\",\"breadcrumb\":{\"@id\":\"https:\/\/lauredezert-psy.fr\/?page_id=9#breadcrumb\"},\"inLanguage\":\"en-US\",\"potentialAction\":[{\"@type\":\"ReadAction\",\"target\":[\"https:\/\/lauredezert-psy.fr\/?page_id=9\"]}]},{\"@type\":\"BreadcrumbList\",\"@id\":\"https:\/\/lauredezert-psy.fr\/?page_id=9#breadcrumb\",\"itemListElement\":[{\"@type\":\"ListItem\",\"position\":1,\"name\":\"Accueil\",\"item\":\"http:\/\/lauredezert-psy.fr\/\"},{\"@type\":\"ListItem\",\"position\":2,\"name\":\"habilet\u00e9s sociales\"}]},{\"@type\":\"WebSite\",\"@id\":\"http:\/\/lauredezert-psy.fr\/#website\",\"url\":\"http:\/\/lauredezert-psy.fr\/\",\"name\":\"Laure Dezert Psychologue\",\"description\":\"\",\"potentialAction\":[{\"@type\":\"SearchAction\",\"target\":{\"@type\":\"EntryPoint\",\"urlTemplate\":\"http:\/\/lauredezert-psy.fr\/?s={search_term_string}\"},\"query-input\":{\"@type\":\"PropertyValueSpecification\",\"valueRequired\":true,\"valueName\":\"search_term_string\"}}],\"inLanguage\":\"en-US\"}]}<\/script>\n<!-- \/ Yoast SEO plugin. -->","yoast_head_json":{"title":"habilet\u00e9s sociales - Laure Dezert Psychologue","robots":{"index":"index","follow":"follow","max-snippet":"max-snippet:-1","max-image-preview":"max-image-preview:large","max-video-preview":"max-video-preview:-1"},"canonical":"https:\/\/lauredezert-psy.fr\/?page_id=9","og_locale":"en_US","og_type":"article","og_title":"habilet\u00e9s sociales - Laure Dezert Psychologue","og_description":"Les groupes d'habilet\u00e9s socialesDans un contexte o\u00f9 les enfants rapportent fr\u00e9quemment des faits de harc\u00e8lement et les parents des difficult\u00e9s de leurs enfants \u00e0 int\u00e9grer des r\u00e8gles de vie comme le respect et l'\u00e9coute, l'objectif des groupes d'habilet\u00e9s sociales est d'am\u00e9liorer la compr\u00e9hension des situations sociales et les relations interpersonnelles afin de permettre aux enfants [&hellip;]","og_url":"https:\/\/lauredezert-psy.fr\/?page_id=9","og_site_name":"Laure Dezert Psychologue","article_modified_time":"2022-06-24T08:13:55+00:00","twitter_card":"summary_large_image","twitter_misc":{"Est. reading time":"3 minutes"},"schema":{"@context":"https:\/\/schema.org","@graph":[{"@type":"WebPage","@id":"https:\/\/lauredezert-psy.fr\/?page_id=9","url":"https:\/\/lauredezert-psy.fr\/?page_id=9","name":"habilet\u00e9s sociales - Laure Dezert Psychologue","isPartOf":{"@id":"http:\/\/lauredezert-psy.fr\/#website"},"datePublished":"2022-01-18T13:30:11+00:00","dateModified":"2022-06-24T08:13:55+00:00","breadcrumb":{"@id":"https:\/\/lauredezert-psy.fr\/?page_id=9#breadcrumb"},"inLanguage":"en-US","potentialAction":[{"@type":"ReadAction","target":["https:\/\/lauredezert-psy.fr\/?page_id=9"]}]},{"@type":"BreadcrumbList","@id":"https:\/\/lauredezert-psy.fr\/?page_id=9#breadcrumb","itemListElement":[{"@type":"ListItem","position":1,"name":"Accueil","item":"http:\/\/lauredezert-psy.fr\/"},{"@type":"ListItem","position":2,"name":"habilet\u00e9s sociales"}]},{"@type":"WebSite","@id":"http:\/\/lauredezert-psy.fr\/#website","url":"http:\/\/lauredezert-psy.fr\/","name":"Laure Dezert Psychologue","description":"","potentialAction":[{"@type":"SearchAction","target":{"@type":"EntryPoint","urlTemplate":"http:\/\/lauredezert-psy.fr\/?s={search_term_string}"},"query-input":{"@type":"PropertyValueSpecification","valueRequired":true,"valueName":"search_term_string"}}],"inLanguage":"en-US"}]}},"_links":{"self":[{"href":"https:\/\/lauredezert-psy.fr\/index.php?rest_route=\/wp\/v2\/pages\/9"}],"collection":[{"href":"https:\/\/lauredezert-psy.fr\/index.php?rest_route=\/wp\/v2\/pages"}],"about":[{"href":"https:\/\/lauredezert-psy.fr\/index.php?rest_route=\/wp\/v2\/types\/page"}],"author":[{"embeddable":true,"href":"https:\/\/lauredezert-psy.fr\/index.php?rest_route=\/wp\/v2\/users\/1"}],"replies":[{"embeddable":true,"href":"https:\/\/lauredezert-psy.fr\/index.php?rest_route=%2Fwp%2Fv2%2Fcomments&post=9"}],"version-history":[{"count":34,"href":"https:\/\/lauredezert-psy.fr\/index.php?rest_route=\/wp\/v2\/pages\/9\/revisions"}],"predecessor-version":[{"id":739,"href":"https:\/\/lauredezert-psy.fr\/index.php?rest_route=\/wp\/v2\/pages\/9\/revisions\/739"}],"wp:attachment":[{"href":"https:\/\/lauredezert-psy.fr\/index.php?rest_route=%2Fwp%2Fv2%2Fmedia&parent=9"}],"curies":[{"name":"wp","href":"https:\/\/api.w.org\/{rel}","templated":true}]}}